{"id":102,"date":"2019-05-06T17:06:36","date_gmt":"2019-05-06T17:06:36","guid":{"rendered":"https:\/\/www.magommels.se\/?page_id=102"},"modified":"2021-06-27T16:31:14","modified_gmt":"2021-06-27T16:31:14","slug":"daisy-var-stamtik","status":"publish","type":"page","link":"https:\/\/www.magommels.se\/?page_id=102","title":{"rendered":"Daisy, v\u00e5r stamtik"},"content":{"rendered":"\n<p>Daisy \u00e4r v\u00e5r f\u00f6rsta storpudel. Hon \u00e4r som storpudlar ska vara, hon \u00e4r alltid glad och sn\u00e4ll, lite busig, gillar allt och \u00e4r smart.<\/p>\n\n\n\n<p><\/p>\n\n\n\n<figure class=\"wp-block-image\"><img data-recalc-dims=\"1\" height=\"960\" width=\"720\" decoding=\"async\" src=\"https:\/\/i0.wp.com\/www.magommels.se\/wp-content\/uploads\/2019\/05\/9A2B1063-A8AC-4981-A33F-CA43DDBDCA80-e1557162260672-768x1024.jpeg?resize=720%2C960&#038;ssl=1\" alt=\"\" class=\"wp-image-52\"\/><\/figure>\n\n\n\n<figure class=\"wp-block-image\"><img data-recalc-dims=\"1\" loading=\"lazy\" decoding=\"async\" width=\"577\" height=\"1024\" src=\"https:\/\/i0.wp.com\/www.magommels.se\/wp-content\/uploads\/2019\/06\/img_9179.png?resize=577%2C1024&#038;ssl=1\" alt=\"\" class=\"wp-image-397\" srcset=\"https:\/\/i0.wp.com\/www.magommels.se\/wp-content\/uploads\/2019\/06\/img_9179.png?resize=577%2C1024&amp;ssl=1 577w, https:\/\/i0.wp.com\/www.magommels.se\/wp-content\/uploads\/2019\/06\/img_9179.png?resize=169%2C300&amp;ssl=1 169w, https:\/\/i0.wp.com\/www.magommels.se\/wp-content\/uploads\/2019\/06\/img_9179.png?w=640&amp;ssl=1 640w\" sizes=\"auto, (max-width: 577px) 100vw, 577px\" \/><figcaption>Solsemester!<\/figcaption><\/figure>\n\n\n\n<div class=\"wp-block-jetpack-slideshow aligncenter\" data-effect=\"slide\"><div class=\"wp-block-jetpack-slideshow_container swiper-container\"><ul class=\"wp-block-jetpack-slideshow_swiper-wrapper swiper-wrapper\"><li class=\"wp-block-jetpack-slideshow_slide swiper-slide\"><figure><img data-recalc-dims=\"1\" loading=\"lazy\" decoding=\"async\" width=\"577\" height=\"1024\" alt=\"\" class=\"wp-block-jetpack-slideshow_image wp-image-34\" data-id=\"34\" src=\"https:\/\/i0.wp.com\/www.magommels.se\/wp-content\/uploads\/2019\/05\/14C549E7-68D4-4947-BE61-66455F46FF73.png?resize=577%2C1024&#038;ssl=1\"\/><figcaption class=\"wp-block-jetpack-slideshow_caption gallery-caption\">Daisy visade sig vara en fantastisk pedagog!<\/figcaption><\/figure><\/li><li class=\"wp-block-jetpack-slideshow_slide swiper-slide\"><figure><img data-recalc-dims=\"1\" loading=\"lazy\" decoding=\"async\" width=\"577\" height=\"1024\" alt=\"\" class=\"wp-block-jetpack-slideshow_image wp-image-57\" data-id=\"57\" src=\"https:\/\/i0.wp.com\/www.magommels.se\/wp-content\/uploads\/2019\/05\/6D70F527-5FE4-4FF6-A8F0-4176BBE2AEB3.png?resize=577%2C1024&#038;ssl=1\"\/><figcaption class=\"wp-block-jetpack-slideshow_caption gallery-caption\">Dito och Daisy!<\/figcaption><\/figure><\/li><li class=\"wp-block-jetpack-slideshow_slide swiper-slide\"><figure><img data-recalc-dims=\"1\" loading=\"lazy\" decoding=\"async\" width=\"720\" height=\"960\" alt=\"\" class=\"wp-block-jetpack-slideshow_image wp-image-134\" data-id=\"134\" src=\"https:\/\/i0.wp.com\/www.magommels.se\/wp-content\/uploads\/2019\/06\/0E666C29-A573-45C7-B93F-80BB9420607D-e1561222694414-768x1024.jpeg?resize=720%2C960&#038;ssl=1\" srcset=\"https:\/\/i0.wp.com\/www.magommels.se\/wp-content\/uploads\/2019\/06\/0E666C29-A573-45C7-B93F-80BB9420607D-e1561222694414.jpeg?resize=768%2C1024&amp;ssl=1 768w, https:\/\/i0.wp.com\/www.magommels.se\/wp-content\/uploads\/2019\/06\/0E666C29-A573-45C7-B93F-80BB9420607D-e1561222694414.jpeg?resize=225%2C300&amp;ssl=1 225w, https:\/\/i0.wp.com\/www.magommels.se\/wp-content\/uploads\/2019\/06\/0E666C29-A573-45C7-B93F-80BB9420607D-e1561222694414.jpeg?resize=685%2C913&amp;ssl=1 685w, https:\/\/i0.wp.com\/www.magommels.se\/wp-content\/uploads\/2019\/06\/0E666C29-A573-45C7-B93F-80BB9420607D-e1561222694414.jpeg?resize=2000%2C2667&amp;ssl=1 2000w, https:\/\/i0.wp.com\/www.magommels.se\/wp-content\/uploads\/2019\/06\/0E666C29-A573-45C7-B93F-80BB9420607D-e1561222694414.jpeg?w=1440&amp;ssl=1 1440w, https:\/\/i0.wp.com\/www.magommels.se\/wp-content\/uploads\/2019\/06\/0E666C29-A573-45C7-B93F-80BB9420607D-e1561222694414.jpeg?w=2160&amp;ssl=1 2160w\" sizes=\"(max-width: 720px) 100vw, 720px\" \/><figcaption class=\"wp-block-jetpack-slideshow_caption gallery-caption\">Stolt mor Daisy med fina valpar!<\/figcaption><\/figure><\/li><li class=\"wp-block-jetpack-slideshow_slide swiper-slide\"><figure><img data-recalc-dims=\"1\" loading=\"lazy\" decoding=\"async\" width=\"577\" height=\"1024\" alt=\"\" class=\"wp-block-jetpack-slideshow_image wp-image-173\" data-id=\"173\" src=\"https:\/\/i0.wp.com\/www.magommels.se\/wp-content\/uploads\/2019\/06\/D2DE6F5C-D605-44D8-8D48-73496DD2D282.png?resize=577%2C1024&#038;ssl=1\"\/><figcaption class=\"wp-block-jetpack-slideshow_caption gallery-caption\">Daisy (Kabisoline Moonlight Ubby)p\u00e5 semester<\/figcaption><\/figure><\/li><li class=\"wp-block-jetpack-slideshow_slide swiper-slide\"><figure><img data-recalc-dims=\"1\" loading=\"lazy\" decoding=\"async\" width=\"720\" height=\"406\" alt=\"\" class=\"wp-block-jetpack-slideshow_image wp-image-375\" data-id=\"375\" src=\"https:\/\/i0.wp.com\/www.magommels.se\/wp-content\/uploads\/2019\/06\/img_9632.png?resize=720%2C406&#038;ssl=1\" srcset=\"https:\/\/i0.wp.com\/www.magommels.se\/wp-content\/uploads\/2019\/06\/img_9632.png?resize=1024%2C577&amp;ssl=1 1024w, https:\/\/i0.wp.com\/www.magommels.se\/wp-content\/uploads\/2019\/06\/img_9632.png?resize=300%2C169&amp;ssl=1 300w, https:\/\/i0.wp.com\/www.magommels.se\/wp-content\/uploads\/2019\/06\/img_9632.png?resize=768%2C433&amp;ssl=1 768w, https:\/\/i0.wp.com\/www.magommels.se\/wp-content\/uploads\/2019\/06\/img_9632.png?resize=685%2C386&amp;ssl=1 685w, https:\/\/i0.wp.com\/www.magommels.se\/wp-content\/uploads\/2019\/06\/img_9632.png?w=1136&amp;ssl=1 1136w\" sizes=\"(max-width: 720px) 100vw, 720px\" \/><figcaption class=\"wp-block-jetpack-slideshow_caption gallery-caption\">Daisy med n\u00e4stan f\u00e4rdigklippt frisyr <\/figcaption><\/figure><\/li><li class=\"wp-block-jetpack-slideshow_slide swiper-slide\"><figure><img data-recalc-dims=\"1\" loading=\"lazy\" decoding=\"async\" width=\"577\" height=\"1024\" alt=\"\" class=\"wp-block-jetpack-slideshow_image wp-image-426\" data-id=\"426\" src=\"https:\/\/i0.wp.com\/www.magommels.se\/wp-content\/uploads\/2019\/06\/img_9805.png?resize=577%2C1024&#038;ssl=1\" srcset=\"https:\/\/i0.wp.com\/www.magommels.se\/wp-content\/uploads\/2019\/06\/img_9805.png?resize=577%2C1024&amp;ssl=1 577w, https:\/\/i0.wp.com\/www.magommels.se\/wp-content\/uploads\/2019\/06\/img_9805.png?resize=169%2C300&amp;ssl=1 169w, https:\/\/i0.wp.com\/www.magommels.se\/wp-content\/uploads\/2019\/06\/img_9805.png?w=640&amp;ssl=1 640w\" sizes=\"(max-width: 577px) 100vw, 577px\" \/><figcaption class=\"wp-block-jetpack-slideshow_caption gallery-caption\">Daisy<\/figcaption><\/figure><\/li><li class=\"wp-block-jetpack-slideshow_slide swiper-slide\"><figure><img data-recalc-dims=\"1\" loading=\"lazy\" decoding=\"async\" width=\"577\" height=\"1024\" alt=\"\" class=\"wp-block-jetpack-slideshow_image wp-image-398\" data-id=\"398\" src=\"https:\/\/i0.wp.com\/www.magommels.se\/wp-content\/uploads\/2019\/06\/img_9172.png?resize=577%2C1024&#038;ssl=1\" srcset=\"https:\/\/i0.wp.com\/www.magommels.se\/wp-content\/uploads\/2019\/06\/img_9172.png?resize=577%2C1024&amp;ssl=1 577w, https:\/\/i0.wp.com\/www.magommels.se\/wp-content\/uploads\/2019\/06\/img_9172.png?resize=169%2C300&amp;ssl=1 169w, https:\/\/i0.wp.com\/www.magommels.se\/wp-content\/uploads\/2019\/06\/img_9172.png?w=640&amp;ssl=1 640w\" sizes=\"(max-width: 577px) 100vw, 577px\" \/><figcaption class=\"wp-block-jetpack-slideshow_caption gallery-caption\">Daisy gillar att \u00e5ka b\u00e5t!<\/figcaption><\/figure><\/li><li class=\"wp-block-jetpack-slideshow_slide swiper-slide\"><figure><img data-recalc-dims=\"1\" loading=\"lazy\" decoding=\"async\" width=\"720\" height=\"908\" alt=\"\" class=\"wp-block-jetpack-slideshow_image wp-image-800\" data-id=\"800\" src=\"https:\/\/i0.wp.com\/www.magommels.se\/wp-content\/uploads\/2021\/01\/IMG_20200804_172155-scaled-e1618590863961-812x1024.jpg?resize=720%2C908&#038;ssl=1\" srcset=\"https:\/\/i0.wp.com\/www.magommels.se\/wp-content\/uploads\/2021\/01\/IMG_20200804_172155-scaled-e1618590863961.jpg?resize=812%2C1024&amp;ssl=1 812w, https:\/\/i0.wp.com\/www.magommels.se\/wp-content\/uploads\/2021\/01\/IMG_20200804_172155-scaled-e1618590863961.jpg?resize=238%2C300&amp;ssl=1 238w, https:\/\/i0.wp.com\/www.magommels.se\/wp-content\/uploads\/2021\/01\/IMG_20200804_172155-scaled-e1618590863961.jpg?resize=768%2C969&amp;ssl=1 768w, https:\/\/i0.wp.com\/www.magommels.se\/wp-content\/uploads\/2021\/01\/IMG_20200804_172155-scaled-e1618590863961.jpg?w=1075&amp;ssl=1 1075w\" sizes=\"(max-width: 720px) 100vw, 720px\" \/><figcaption class=\"wp-block-jetpack-slideshow_caption gallery-caption\">Ny frisyr igen! 2020<\/figcaption><\/figure><\/li><li class=\"wp-block-jetpack-slideshow_slide swiper-slide\"><figure><img data-recalc-dims=\"1\" loading=\"lazy\" decoding=\"async\" width=\"720\" height=\"540\" alt=\"\" class=\"wp-block-jetpack-slideshow_image wp-image-933\" data-id=\"933\" src=\"https:\/\/i0.wp.com\/www.magommels.se\/wp-content\/uploads\/2021\/04\/IMG_20210405_174728.jpg?resize=720%2C540&#038;ssl=1\" srcset=\"https:\/\/i0.wp.com\/www.magommels.se\/wp-content\/uploads\/2021\/04\/IMG_20210405_174728-scaled.jpg?resize=1024%2C768&amp;ssl=1 1024w, https:\/\/i0.wp.com\/www.magommels.se\/wp-content\/uploads\/2021\/04\/IMG_20210405_174728-scaled.jpg?resize=300%2C225&amp;ssl=1 300w, https:\/\/i0.wp.com\/www.magommels.se\/wp-content\/uploads\/2021\/04\/IMG_20210405_174728-scaled.jpg?resize=768%2C576&amp;ssl=1 768w, https:\/\/i0.wp.com\/www.magommels.se\/wp-content\/uploads\/2021\/04\/IMG_20210405_174728-scaled.jpg?resize=1536%2C1152&amp;ssl=1 1536w, https:\/\/i0.wp.com\/www.magommels.se\/wp-content\/uploads\/2021\/04\/IMG_20210405_174728-scaled.jpg?resize=2048%2C1536&amp;ssl=1 2048w, https:\/\/i0.wp.com\/www.magommels.se\/wp-content\/uploads\/2021\/04\/IMG_20210405_174728-scaled.jpg?resize=685%2C514&amp;ssl=1 685w, https:\/\/i0.wp.com\/www.magommels.se\/wp-content\/uploads\/2021\/04\/IMG_20210405_174728-scaled.jpg?resize=2000%2C1500&amp;ssl=1 2000w, https:\/\/i0.wp.com\/www.magommels.se\/wp-content\/uploads\/2021\/04\/IMG_20210405_174728-scaled.jpg?w=1440&amp;ssl=1 1440w, https:\/\/i0.wp.com\/www.magommels.se\/wp-content\/uploads\/2021\/04\/IMG_20210405_174728-scaled.jpg?w=2160&amp;ssl=1 2160w\" sizes=\"(max-width: 720px) 100vw, 720px\" \/><figcaption class=\"wp-block-jetpack-slideshow_caption gallery-caption\">Nicki &#038; Daisy<\/figcaption><\/figure><\/li><\/ul><a class=\"wp-block-jetpack-slideshow_button-prev swiper-button-prev swiper-button-white\" role=\"button\"><\/a><a class=\"wp-block-jetpack-slideshow_button-next swiper-button-next swiper-button-white\" role=\"button\"><\/a><a aria-label=\"Pause Slideshow\" class=\"wp-block-jetpack-slideshow_button-pause\" role=\"button\"><\/a><div class=\"wp-block-jetpack-slideshow_pagination swiper-pagination swiper-pagination-white\"><\/div><\/div><\/div>\n\n\n\n<div class=\"wp-block-button\"><a class=\"wp-block-button__link has-very-dark-gray-color has-light-green-cyan-background-color has-text-color has-background\" href=\"https:\/\/www.magommels.se\/?page_id=208\">Tillbaka till Hundar<\/a><\/div>\n","protected":false},"excerpt":{"rendered":"<p>Daisy \u00e4r v\u00e5r f\u00f6rsta storpudel. Hon \u00e4r som storpudlar ska vara, hon \u00e4r alltid glad och sn\u00e4ll, lite busig, gillar allt och \u00e4r smart.<\/p>\n","protected":false},"author":2,"featured_media":52,"parent":262,"menu_order":2,"comment_status":"closed","ping_status":"closed","template":"","meta":{"footnotes":""},"class_list":["post-102","page","type-page","status-publish","has-post-thumbnail","hentry"],"jetpack_sharing_enabled":true,"_links":{"self":[{"href":"https:\/\/www.magommels.se\/index.php?rest_route=\/wp\/v2\/pages\/102","targetHints":{"allow":["GET"]}}],"collection":[{"href":"https:\/\/www.magommels.se\/index.php?rest_route=\/wp\/v2\/pages"}],"about":[{"href":"https:\/\/www.magommels.se\/index.php?rest_route=\/wp\/v2\/types\/page"}],"author":[{"embeddable":true,"href":"https:\/\/www.magommels.se\/index.php?rest_route=\/wp\/v2\/users\/2"}],"replies":[{"embeddable":true,"href":"https:\/\/www.magommels.se\/index.php?rest_route=%2Fwp%2Fv2%2Fcomments&post=102"}],"version-history":[{"count":11,"href":"https:\/\/www.magommels.se\/index.php?rest_route=\/wp\/v2\/pages\/102\/revisions"}],"predecessor-version":[{"id":1448,"href":"https:\/\/www.magommels.se\/index.php?rest_route=\/wp\/v2\/pages\/102\/revisions\/1448"}],"up":[{"embeddable":true,"href":"https:\/\/www.magommels.se\/index.php?rest_route=\/wp\/v2\/pages\/262"}],"wp:featuredmedia":[{"embeddable":true,"href":"https:\/\/www.magommels.se\/index.php?rest_route=\/wp\/v2\/media\/52"}],"wp:attachment":[{"href":"https:\/\/www.magommels.se\/index.php?rest_route=%2Fwp%2Fv2%2Fmedia&parent=102"}],"curies":[{"name":"wp","href":"https:\/\/api.w.org\/{rel}","templated":true}]}}