{"id":208,"date":"2025-02-06T13:59:18","date_gmt":"2025-02-06T13:59:18","guid":{"rendered":"https:\/\/www.magommels.se\/?page_id=208"},"modified":"2025-05-29T14:17:33","modified_gmt":"2025-05-29T14:17:33","slug":"hundar","status":"publish","type":"page","link":"https:\/\/www.magommels.se\/?page_id=208","title":{"rendered":"\u00c4ntligen valpar!"},"content":{"rendered":"\n<p class=\"has-medium-font-size\">MaGommels kennel har nu f\u00e5tt sin femte storpudelkull! Vackra Molly (Magommels Dahlia Dart) och snygge Kevin (UCH Rejoice Nature Boy) fick fem valpar den 22\/4-25. Det \u00e4r tre tikar och tv\u00e5 hanar. Alla m\u00e5r bra och Molly \u00e4r en duktig mamma. Klicka p\u00e5 knappen s\u00e5 finns fler bilder! <\/p>\n\n\n\n<div class=\"wp-block-buttons is-layout-flex wp-block-buttons-is-layout-flex\">\n<div class=\"wp-block-button\"><a class=\"wp-block-button__link wp-element-button\" href=\"https:\/\/www.magommels.se\/?page_id=2143\">Valpar 2025<\/a><\/div>\n<\/div>\n\n\n\n<div class=\"wp-block-jetpack-slideshow aligncenter\" data-effect=\"slide\"><div class=\"wp-block-jetpack-slideshow_container swiper-container\"><ul class=\"wp-block-jetpack-slideshow_swiper-wrapper swiper-wrapper\"><li class=\"wp-block-jetpack-slideshow_slide swiper-slide\"><figure><img data-recalc-dims=\"1\" loading=\"lazy\" decoding=\"async\" width=\"720\" height=\"960\" alt=\"Molly n\u00e4r hon var valp\" class=\"wp-block-jetpack-slideshow_image wp-image-2070\" data-id=\"2070\" src=\"https:\/\/i0.wp.com\/www.magommels.se\/wp-content\/uploads\/2025\/03\/img_2343.jpg?resize=720%2C960&#038;ssl=1\" srcset=\"https:\/\/i0.wp.com\/www.magommels.se\/wp-content\/uploads\/2025\/03\/img_2343.jpg?resize=768%2C1024&amp;ssl=1 768w, https:\/\/i0.wp.com\/www.magommels.se\/wp-content\/uploads\/2025\/03\/img_2343.jpg?resize=225%2C300&amp;ssl=1 225w, https:\/\/i0.wp.com\/www.magommels.se\/wp-content\/uploads\/2025\/03\/img_2343.jpg?resize=1152%2C1536&amp;ssl=1 1152w, https:\/\/i0.wp.com\/www.magommels.se\/wp-content\/uploads\/2025\/03\/img_2343.jpg?w=1500&amp;ssl=1 1500w, https:\/\/i0.wp.com\/www.magommels.se\/wp-content\/uploads\/2025\/03\/img_2343.jpg?w=1440&amp;ssl=1 1440w\" sizes=\"(max-width: 720px) 100vw, 720px\" \/><figcaption class=\"wp-block-jetpack-slideshow_caption gallery-caption\">N\u00e4r Molly var valp<\/figcaption><\/figure><\/li><li class=\"wp-block-jetpack-slideshow_slide swiper-slide\"><figure><img data-recalc-dims=\"1\" loading=\"lazy\" decoding=\"async\" width=\"634\" height=\"1024\" alt=\"Molly\" class=\"wp-block-jetpack-slideshow_image wp-image-2077\" data-id=\"2077\" src=\"https:\/\/i0.wp.com\/www.magommels.se\/wp-content\/uploads\/2025\/03\/img_4030-1-e1745762661271-634x1024.png?resize=634%2C1024&#038;ssl=1\" srcset=\"https:\/\/i0.wp.com\/www.magommels.se\/wp-content\/uploads\/2025\/03\/img_4030-1-e1745762661271.png?resize=634%2C1024&amp;ssl=1 634w, https:\/\/i0.wp.com\/www.magommels.se\/wp-content\/uploads\/2025\/03\/img_4030-1-e1745762661271.png?resize=186%2C300&amp;ssl=1 186w, https:\/\/i0.wp.com\/www.magommels.se\/wp-content\/uploads\/2025\/03\/img_4030-1-e1745762661271.png?resize=768%2C1240&amp;ssl=1 768w, https:\/\/i0.wp.com\/www.magommels.se\/wp-content\/uploads\/2025\/03\/img_4030-1-e1745762661271.png?w=923&amp;ssl=1 923w\" sizes=\"(max-width: 634px) 100vw, 634px\" \/><figcaption class=\"wp-block-jetpack-slideshow_caption gallery-caption\">Molly unghund<\/figcaption><\/figure><\/li><li class=\"wp-block-jetpack-slideshow_slide swiper-slide\"><figure><img data-recalc-dims=\"1\" loading=\"lazy\" decoding=\"async\" width=\"720\" height=\"960\" alt=\"\" class=\"wp-block-jetpack-slideshow_image wp-image-2067\" data-id=\"2067\" src=\"https:\/\/i0.wp.com\/www.magommels.se\/wp-content\/uploads\/2025\/03\/img_5889.jpg?resize=720%2C960&#038;ssl=1\" srcset=\"https:\/\/i0.wp.com\/www.magommels.se\/wp-content\/uploads\/2025\/03\/img_5889.jpg?resize=768%2C1024&amp;ssl=1 768w, https:\/\/i0.wp.com\/www.magommels.se\/wp-content\/uploads\/2025\/03\/img_5889.jpg?resize=225%2C300&amp;ssl=1 225w, https:\/\/i0.wp.com\/www.magommels.se\/wp-content\/uploads\/2025\/03\/img_5889.jpg?resize=1152%2C1536&amp;ssl=1 1152w, https:\/\/i0.wp.com\/www.magommels.se\/wp-content\/uploads\/2025\/03\/img_5889.jpg?w=1500&amp;ssl=1 1500w, https:\/\/i0.wp.com\/www.magommels.se\/wp-content\/uploads\/2025\/03\/img_5889.jpg?w=1440&amp;ssl=1 1440w\" sizes=\"(max-width: 720px) 100vw, 720px\" \/><figcaption class=\"wp-block-jetpack-slideshow_caption gallery-caption\">Molly<\/figcaption><\/figure><\/li><li class=\"wp-block-jetpack-slideshow_slide swiper-slide\"><figure><img data-recalc-dims=\"1\" loading=\"lazy\" decoding=\"async\" width=\"720\" height=\"973\" alt=\"\" class=\"wp-block-jetpack-slideshow_image wp-image-2093\" data-id=\"2093\" src=\"https:\/\/i0.wp.com\/www.magommels.se\/wp-content\/uploads\/2025\/04\/img_8996-1.jpg?resize=720%2C973&#038;ssl=1\" srcset=\"https:\/\/i0.wp.com\/www.magommels.se\/wp-content\/uploads\/2025\/04\/img_8996-1.jpg?resize=758%2C1024&amp;ssl=1 758w, https:\/\/i0.wp.com\/www.magommels.se\/wp-content\/uploads\/2025\/04\/img_8996-1.jpg?resize=222%2C300&amp;ssl=1 222w, https:\/\/i0.wp.com\/www.magommels.se\/wp-content\/uploads\/2025\/04\/img_8996-1.jpg?resize=768%2C1038&amp;ssl=1 768w, https:\/\/i0.wp.com\/www.magommels.se\/wp-content\/uploads\/2025\/04\/img_8996-1.jpg?w=960&amp;ssl=1 960w\" sizes=\"(max-width: 720px) 100vw, 720px\" \/><figcaption class=\"wp-block-jetpack-slideshow_caption gallery-caption\">Kevin 11 m\u00e5nader, f\u00f6rsta cert<\/figcaption><\/figure><\/li><li class=\"wp-block-jetpack-slideshow_slide swiper-slide\"><figure><img data-recalc-dims=\"1\" loading=\"lazy\" decoding=\"async\" width=\"720\" height=\"986\" alt=\"\" class=\"wp-block-jetpack-slideshow_image wp-image-2010\" data-id=\"2010\" src=\"https:\/\/i0.wp.com\/www.magommels.se\/wp-content\/uploads\/2025\/03\/img_8713-1.jpg?resize=720%2C986&#038;ssl=1\" srcset=\"https:\/\/i0.wp.com\/www.magommels.se\/wp-content\/uploads\/2025\/03\/img_8713-1.jpg?resize=748%2C1024&amp;ssl=1 748w, https:\/\/i0.wp.com\/www.magommels.se\/wp-content\/uploads\/2025\/03\/img_8713-1.jpg?resize=219%2C300&amp;ssl=1 219w, https:\/\/i0.wp.com\/www.magommels.se\/wp-content\/uploads\/2025\/03\/img_8713-1.jpg?resize=768%2C1052&amp;ssl=1 768w, https:\/\/i0.wp.com\/www.magommels.se\/wp-content\/uploads\/2025\/03\/img_8713-1.jpg?w=960&amp;ssl=1 960w\" sizes=\"(max-width: 720px) 100vw, 720px\" \/><figcaption class=\"wp-block-jetpack-slideshow_caption gallery-caption\">Kevin<\/figcaption><\/figure><\/li><li class=\"wp-block-jetpack-slideshow_slide swiper-slide\"><figure><img data-recalc-dims=\"1\" loading=\"lazy\" decoding=\"async\" width=\"643\" height=\"1024\" alt=\"\" class=\"wp-block-jetpack-slideshow_image wp-image-2094\" data-id=\"2094\" src=\"https:\/\/i0.wp.com\/www.magommels.se\/wp-content\/uploads\/2025\/04\/img_8995-1.jpg?resize=643%2C1024&#038;ssl=1\" srcset=\"https:\/\/i0.wp.com\/www.magommels.se\/wp-content\/uploads\/2025\/04\/img_8995-1.jpg?resize=643%2C1024&amp;ssl=1 643w, https:\/\/i0.wp.com\/www.magommels.se\/wp-content\/uploads\/2025\/04\/img_8995-1.jpg?resize=188%2C300&amp;ssl=1 188w, https:\/\/i0.wp.com\/www.magommels.se\/wp-content\/uploads\/2025\/04\/img_8995-1.jpg?resize=768%2C1222&amp;ssl=1 768w, https:\/\/i0.wp.com\/www.magommels.se\/wp-content\/uploads\/2025\/04\/img_8995-1.jpg?w=960&amp;ssl=1 960w\" sizes=\"(max-width: 643px) 100vw, 643px\" \/><figcaption class=\"wp-block-jetpack-slideshow_caption gallery-caption\">Kevin i filminspelning av Sveriges Drottningar<\/figcaption><\/figure><\/li><li class=\"wp-block-jetpack-slideshow_slide swiper-slide\"><figure><img data-recalc-dims=\"1\" loading=\"lazy\" decoding=\"async\" width=\"720\" height=\"960\" alt=\"\" class=\"wp-block-jetpack-slideshow_image wp-image-2081\" data-id=\"2081\" src=\"https:\/\/i0.wp.com\/www.magommels.se\/wp-content\/uploads\/2025\/04\/img_8959.jpg?resize=720%2C960&#038;ssl=1\" srcset=\"https:\/\/i0.wp.com\/www.magommels.se\/wp-content\/uploads\/2025\/04\/img_8959.jpg?resize=768%2C1024&amp;ssl=1 768w, https:\/\/i0.wp.com\/www.magommels.se\/wp-content\/uploads\/2025\/04\/img_8959.jpg?resize=225%2C300&amp;ssl=1 225w, https:\/\/i0.wp.com\/www.magommels.se\/wp-content\/uploads\/2025\/04\/img_8959.jpg?resize=1152%2C1536&amp;ssl=1 1152w, https:\/\/i0.wp.com\/www.magommels.se\/wp-content\/uploads\/2025\/04\/img_8959.jpg?w=1500&amp;ssl=1 1500w, https:\/\/i0.wp.com\/www.magommels.se\/wp-content\/uploads\/2025\/04\/img_8959.jpg?w=1440&amp;ssl=1 1440w\" sizes=\"(max-width: 720px) 100vw, 720px\" \/><figcaption class=\"wp-block-jetpack-slideshow_caption gallery-caption\">Alla fem valparna, 1 dag<\/figcaption><\/figure><\/li><li class=\"wp-block-jetpack-slideshow_slide swiper-slide\"><figure><img data-recalc-dims=\"1\" loading=\"lazy\" decoding=\"async\" width=\"720\" height=\"960\" alt=\"\" class=\"wp-block-jetpack-slideshow_image wp-image-2082\" data-id=\"2082\" src=\"https:\/\/i0.wp.com\/www.magommels.se\/wp-content\/uploads\/2025\/04\/img_8980.jpg?resize=720%2C960&#038;ssl=1\" srcset=\"https:\/\/i0.wp.com\/www.magommels.se\/wp-content\/uploads\/2025\/04\/img_8980.jpg?resize=768%2C1024&amp;ssl=1 768w, https:\/\/i0.wp.com\/www.magommels.se\/wp-content\/uploads\/2025\/04\/img_8980.jpg?resize=225%2C300&amp;ssl=1 225w, https:\/\/i0.wp.com\/www.magommels.se\/wp-content\/uploads\/2025\/04\/img_8980.jpg?resize=1152%2C1536&amp;ssl=1 1152w, https:\/\/i0.wp.com\/www.magommels.se\/wp-content\/uploads\/2025\/04\/img_8980.jpg?w=1500&amp;ssl=1 1500w, https:\/\/i0.wp.com\/www.magommels.se\/wp-content\/uploads\/2025\/04\/img_8980.jpg?w=1440&amp;ssl=1 1440w\" sizes=\"(max-width: 720px) 100vw, 720px\" \/><figcaption class=\"wp-block-jetpack-slideshow_caption gallery-caption\">Gul valp 4 dagar<\/figcaption><\/figure><\/li><li class=\"wp-block-jetpack-slideshow_slide swiper-slide\"><figure><img data-recalc-dims=\"1\" loading=\"lazy\" decoding=\"async\" width=\"720\" height=\"540\" alt=\"\" class=\"wp-block-jetpack-slideshow_image wp-image-2083\" data-id=\"2083\" src=\"https:\/\/i0.wp.com\/www.magommels.se\/wp-content\/uploads\/2025\/04\/img_8982.jpg?resize=720%2C540&#038;ssl=1\" srcset=\"https:\/\/i0.wp.com\/www.magommels.se\/wp-content\/uploads\/2025\/04\/img_8982.jpg?resize=1024%2C768&amp;ssl=1 1024w, https:\/\/i0.wp.com\/www.magommels.se\/wp-content\/uploads\/2025\/04\/img_8982.jpg?resize=300%2C225&amp;ssl=1 300w, https:\/\/i0.wp.com\/www.magommels.se\/wp-content\/uploads\/2025\/04\/img_8982.jpg?resize=768%2C576&amp;ssl=1 768w, https:\/\/i0.wp.com\/www.magommels.se\/wp-content\/uploads\/2025\/04\/img_8982.jpg?resize=1536%2C1152&amp;ssl=1 1536w, https:\/\/i0.wp.com\/www.magommels.se\/wp-content\/uploads\/2025\/04\/img_8982.jpg?w=2000&amp;ssl=1 2000w, https:\/\/i0.wp.com\/www.magommels.se\/wp-content\/uploads\/2025\/04\/img_8982.jpg?w=1440&amp;ssl=1 1440w\" sizes=\"(max-width: 720px) 100vw, 720px\" \/><figcaption class=\"wp-block-jetpack-slideshow_caption gallery-caption\">4 dagar<\/figcaption><\/figure><\/li><li class=\"wp-block-jetpack-slideshow_slide swiper-slide\"><figure><img data-recalc-dims=\"1\" loading=\"lazy\" decoding=\"async\" width=\"720\" height=\"540\" alt=\"\" class=\"wp-block-jetpack-slideshow_image wp-image-2084\" data-id=\"2084\" src=\"https:\/\/i0.wp.com\/www.magommels.se\/wp-content\/uploads\/2025\/04\/img_8979.jpg?resize=720%2C540&#038;ssl=1\" srcset=\"https:\/\/i0.wp.com\/www.magommels.se\/wp-content\/uploads\/2025\/04\/img_8979.jpg?resize=1024%2C768&amp;ssl=1 1024w, https:\/\/i0.wp.com\/www.magommels.se\/wp-content\/uploads\/2025\/04\/img_8979.jpg?resize=300%2C225&amp;ssl=1 300w, https:\/\/i0.wp.com\/www.magommels.se\/wp-content\/uploads\/2025\/04\/img_8979.jpg?resize=768%2C576&amp;ssl=1 768w, https:\/\/i0.wp.com\/www.magommels.se\/wp-content\/uploads\/2025\/04\/img_8979.jpg?resize=1536%2C1152&amp;ssl=1 1536w, https:\/\/i0.wp.com\/www.magommels.se\/wp-content\/uploads\/2025\/04\/img_8979.jpg?w=2000&amp;ssl=1 2000w, https:\/\/i0.wp.com\/www.magommels.se\/wp-content\/uploads\/2025\/04\/img_8979.jpg?w=1440&amp;ssl=1 1440w\" sizes=\"(max-width: 720px) 100vw, 720px\" \/><figcaption class=\"wp-block-jetpack-slideshow_caption gallery-caption\">Stolt mor, valparna 4 dagar<\/figcaption><\/figure><\/li><li class=\"wp-block-jetpack-slideshow_slide swiper-slide\"><figure><img data-recalc-dims=\"1\" loading=\"lazy\" decoding=\"async\" width=\"720\" height=\"960\" alt=\"Molly och Orange valp\" class=\"wp-block-jetpack-slideshow_image wp-image-2085\" data-id=\"2085\" src=\"https:\/\/i0.wp.com\/www.magommels.se\/wp-content\/uploads\/2025\/04\/img_8989.jpg?resize=720%2C960&#038;ssl=1\" srcset=\"https:\/\/i0.wp.com\/www.magommels.se\/wp-content\/uploads\/2025\/04\/img_8989.jpg?resize=768%2C1024&amp;ssl=1 768w, https:\/\/i0.wp.com\/www.magommels.se\/wp-content\/uploads\/2025\/04\/img_8989.jpg?resize=225%2C300&amp;ssl=1 225w, https:\/\/i0.wp.com\/www.magommels.se\/wp-content\/uploads\/2025\/04\/img_8989.jpg?resize=1152%2C1536&amp;ssl=1 1152w, https:\/\/i0.wp.com\/www.magommels.se\/wp-content\/uploads\/2025\/04\/img_8989.jpg?w=1500&amp;ssl=1 1500w, https:\/\/i0.wp.com\/www.magommels.se\/wp-content\/uploads\/2025\/04\/img_8989.jpg?w=1440&amp;ssl=1 1440w\" sizes=\"(max-width: 720px) 100vw, 720px\" \/><figcaption class=\"wp-block-jetpack-slideshow_caption gallery-caption\">Orange valp blir tv\u00e4ttad<\/figcaption><\/figure><\/li><\/ul><a class=\"wp-block-jetpack-slideshow_button-prev swiper-button-prev swiper-button-white\" role=\"button\"><\/a><a class=\"wp-block-jetpack-slideshow_button-next swiper-button-next swiper-button-white\" role=\"button\"><\/a><a aria-label=\"Pause Slideshow\" class=\"wp-block-jetpack-slideshow_button-pause\" role=\"button\"><\/a><div class=\"wp-block-jetpack-slideshow_pagination swiper-pagination swiper-pagination-white\"><\/div><\/div><\/div>\n\n\n\n<p>Tidigare kullar:<\/p>\n\n\n\n<p class=\"has-medium-font-size\">Daisy (Kabisoline Moonlight-Ubby) \u00e4r mamma till valparna som f\u00f6ddes 2018 och 2019.<\/p>\n\n\n\n<p class=\"has-medium-font-size\">Chloe (Art Attack Just A Touch of Love) fick sin f\u00f6rsta kull sommaren 2021. Pappa till valparna \u00e4r Chrikjell\u00b4s Orup (Darin).<\/p>\n\n\n\n<p>Chloes andra kull f\u00f6ddes 2022. Pappa till kullen \u00e4r White Champagne Cheers For Me (Wille). Molly \u00e4r deras dotter.<\/p>\n\n\n\n<div class=\"wp-block-button\"><a class=\"wp-block-button__link has-very-dark-gray-color has-light-green-cyan-background-color has-text-color has-background wp-element-button\" href=\"https:\/\/www.magommels.se\/?page_id=260\" target=\"_blank\" rel=\"noreferrer noopener\">V\u00e5ra valpar<\/a><\/div>\n\n\n\n<div class=\"wp-block-button\"><a class=\"wp-block-button__link has-very-dark-gray-color has-light-green-cyan-background-color has-text-color has-background wp-element-button\" href=\"https:\/\/www.magommels.se\/?page_id=262\">V\u00e5ra hundar<\/a><\/div>\n\n\n\n<p class=\"has-medium-font-size\"><img data-recalc-dims=\"1\" loading=\"lazy\" decoding=\"async\" width=\"600\" height=\"800\" class=\"wp-image-894\" style=\"width: 600px;\" src=\"https:\/\/i0.wp.com\/www.magommels.se\/wp-content\/uploads\/2021\/03\/wp-1616777221149.jpg?resize=600%2C800&#038;ssl=1\" alt=\"\" srcset=\"https:\/\/i0.wp.com\/www.magommels.se\/wp-content\/uploads\/2021\/03\/wp-1616777221149.jpg?w=1080&amp;ssl=1 1080w, https:\/\/i0.wp.com\/www.magommels.se\/wp-content\/uploads\/2021\/03\/wp-1616777221149.jpg?resize=225%2C300&amp;ssl=1 225w, https:\/\/i0.wp.com\/www.magommels.se\/wp-content\/uploads\/2021\/03\/wp-1616777221149.jpg?resize=768%2C1024&amp;ssl=1 768w, https:\/\/i0.wp.com\/www.magommels.se\/wp-content\/uploads\/2021\/03\/wp-1616777221149.jpg?resize=685%2C913&amp;ssl=1 685w\" sizes=\"auto, (max-width: 600px) 100vw, 600px\" \/><\/p>\n\n\n\n<p>Chloe<\/p>\n\n\n\n<figure class=\"wp-block-image is-style-rounded\"><img data-recalc-dims=\"1\" loading=\"lazy\" decoding=\"async\" width=\"577\" height=\"1024\" src=\"https:\/\/i0.wp.com\/www.magommels.se\/wp-content\/uploads\/2019\/05\/BC001F7E-A6F2-43A0-ABE2-91BA65AC1956.png?resize=577%2C1024&#038;ssl=1\" alt=\"\" class=\"wp-image-58\"\/><figcaption class=\"wp-element-caption\">Daisy och lilla Chloe leker f\u00f6r f\u00f6rsta g\u00e5ngen.<\/figcaption><\/figure>\n","protected":false},"excerpt":{"rendered":"<p>MaGommels kennel har nu f\u00e5tt sin femte storpudelkull! Vackra Molly (Magommels Dahlia Dart) och snygge Kevin (UCH Rejoice Nature Boy) fick fem valpar den 22\/4-25. Det \u00e4r tre tikar och tv\u00e5 hanar. Alla m\u00e5r bra och Molly \u00e4r en duktig mamma. Klicka p\u00e5 knappen s\u00e5 finns fler bilder! Tidigare kullar: Daisy (Kabisoline Moonlight-Ubby) \u00e4r mamma [&hellip;]<\/p>\n","protected":false},"author":2,"featured_media":0,"parent":0,"menu_order":0,"comment_status":"closed","ping_status":"closed","template":"","meta":{"footnotes":""},"class_list":["post-208","page","type-page","status-publish","hentry"],"jetpack_sharing_enabled":true,"_links":{"self":[{"href":"https:\/\/www.magommels.se\/index.php?rest_route=\/wp\/v2\/pages\/208","targetHints":{"allow":["GET"]}}],"collection":[{"href":"https:\/\/www.magommels.se\/index.php?rest_route=\/wp\/v2\/pages"}],"about":[{"href":"https:\/\/www.magommels.se\/index.php?rest_route=\/wp\/v2\/types\/page"}],"author":[{"embeddable":true,"href":"https:\/\/www.magommels.se\/index.php?rest_route=\/wp\/v2\/users\/2"}],"replies":[{"embeddable":true,"href":"https:\/\/www.magommels.se\/index.php?rest_route=%2Fwp%2Fv2%2Fcomments&post=208"}],"version-history":[{"count":28,"href":"https:\/\/www.magommels.se\/index.php?rest_route=\/wp\/v2\/pages\/208\/revisions"}],"predecessor-version":[{"id":2175,"href":"https:\/\/www.magommels.se\/index.php?rest_route=\/wp\/v2\/pages\/208\/revisions\/2175"}],"wp:attachment":[{"href":"https:\/\/www.magommels.se\/index.php?rest_route=%2Fwp%2Fv2%2Fmedia&parent=208"}],"curies":[{"name":"wp","href":"https:\/\/api.w.org\/{rel}","templated":true}]}}