{"id":269,"date":"2019-06-22T11:16:46","date_gmt":"2019-06-22T11:16:46","guid":{"rendered":"https:\/\/www.magommels.se\/?page_id=269"},"modified":"2022-04-20T18:47:37","modified_gmt":"2022-04-20T18:47:37","slug":"om-oss","status":"publish","type":"page","link":"https:\/\/www.magommels.se\/?page_id=269","title":{"rendered":"Om oss"},"content":{"rendered":"\n<figure class=\"wp-block-table\"><table><tbody><tr><td>Kontaktuppgifter:<br>telefon 0734-200 600<br>e-post: mariegommel@hotmail.com<br>facebook-grupp: MaGommels kennel &amp; katteri<br><br><br>Jag har alltid gillat djur och trodde att jag skulle bli veterin\u00e4r, men blev l\u00e4rare och fyrbarnsmor. Familjen idag best\u00e5r ut\u00f6ver hundarna av 4 barn (mestadels utflugna), en f\u00e5gel (Pippin), chinchillan (Per Henning), tv\u00e5 bondkatter (Melody och mamman Saffran), burmillakatten Samana och burmakatten Cindy med dottern Belindy samt Marie (jag ) och maken Peter.<br><br>V\u00e5ra hundar: Daisy \u00e4r en brun storpudel. Glad och pigg, k\u00e4rleksfull och busig som en pudel ska vara. Hon bor hos sin andra matte. Chloe \u00e4r en vit storpudel som \u00e4lskar att leka med Daisy och Nicki. Chloe \u00e4r en v\u00e4ldigt rar och behaglig hund.<br><br>Nikita (Nicki) \u00e4r Daisys dotter som f\u00f6ddes i maj-19. Nicki \u00e4r ett litet yrv\u00e4der som \u00e4r tuff, busig och k\u00e4rleksfull.  Nicki och Chloe \u00e4r b\u00e4stisar! Nicki \u00e4r smart och bra p\u00e5 att k\u00e4nna av k\u00e4nslor.<br><br><strong>Tankar:<\/strong>\u00a0M\u00e5let vid avelsarbetet \u00e4r sj\u00e4lvklart friska och trygga hundar, och katter, som fungerar i alla situationer.\u00a0 <\/td><\/tr><\/tbody><\/table><\/figure>\n\n\n\n\n\n<figure class=\"wp-block-image\"><img data-recalc-dims=\"1\" loading=\"lazy\" decoding=\"async\" width=\"577\" height=\"1024\" src=\"https:\/\/i0.wp.com\/www.magommels.se\/wp-content\/uploads\/2019\/06\/img_9821.png?resize=577%2C1024&#038;ssl=1\" alt=\"\" class=\"wp-image-460\" srcset=\"https:\/\/i0.wp.com\/www.magommels.se\/wp-content\/uploads\/2019\/06\/img_9821.png?resize=577%2C1024&amp;ssl=1 577w, https:\/\/i0.wp.com\/www.magommels.se\/wp-content\/uploads\/2019\/06\/img_9821.png?resize=169%2C300&amp;ssl=1 169w, https:\/\/i0.wp.com\/www.magommels.se\/wp-content\/uploads\/2019\/06\/img_9821.png?w=640&amp;ssl=1 640w\" sizes=\"auto, (max-width: 577px) 100vw, 577px\" \/><figcaption>Valparna kl\u00e4ttrar g\u00e4rna upp i famnen sj\u00e4lva, men de beh\u00f6ver hj\u00e4lp att inte ramla ner.<\/figcaption><\/figure>\n\n\n\n<div class=\"wp-block-jetpack-slideshow aligncenter\" data-effect=\"slide\"><div class=\"wp-block-jetpack-slideshow_container swiper-container\"><ul class=\"wp-block-jetpack-slideshow_swiper-wrapper swiper-wrapper\"><li class=\"wp-block-jetpack-slideshow_slide swiper-slide\"><figure><img data-recalc-dims=\"1\" loading=\"lazy\" decoding=\"async\" width=\"720\" height=\"540\" alt=\"\" class=\"wp-block-jetpack-slideshow_image wp-image-1430\" data-id=\"1430\" src=\"https:\/\/i0.wp.com\/www.magommels.se\/wp-content\/uploads\/2021\/06\/wp-1624809646830.jpg?resize=720%2C540&#038;ssl=1\" srcset=\"https:\/\/i0.wp.com\/www.magommels.se\/wp-content\/uploads\/2021\/06\/wp-1624809646830-scaled.jpg?resize=1024%2C768&amp;ssl=1 1024w, https:\/\/i0.wp.com\/www.magommels.se\/wp-content\/uploads\/2021\/06\/wp-1624809646830-scaled.jpg?resize=300%2C225&amp;ssl=1 300w, https:\/\/i0.wp.com\/www.magommels.se\/wp-content\/uploads\/2021\/06\/wp-1624809646830-scaled.jpg?resize=768%2C576&amp;ssl=1 768w, https:\/\/i0.wp.com\/www.magommels.se\/wp-content\/uploads\/2021\/06\/wp-1624809646830-scaled.jpg?resize=1536%2C1152&amp;ssl=1 1536w, https:\/\/i0.wp.com\/www.magommels.se\/wp-content\/uploads\/2021\/06\/wp-1624809646830-scaled.jpg?resize=2048%2C1536&amp;ssl=1 2048w, https:\/\/i0.wp.com\/www.magommels.se\/wp-content\/uploads\/2021\/06\/wp-1624809646830-scaled.jpg?w=1440&amp;ssl=1 1440w, https:\/\/i0.wp.com\/www.magommels.se\/wp-content\/uploads\/2021\/06\/wp-1624809646830-scaled.jpg?w=2160&amp;ssl=1 2160w\" sizes=\"(max-width: 720px) 100vw, 720px\" \/><\/figure><\/li><li class=\"wp-block-jetpack-slideshow_slide swiper-slide\"><figure><img data-recalc-dims=\"1\" loading=\"lazy\" decoding=\"async\" width=\"720\" height=\"960\" alt=\"\" class=\"wp-block-jetpack-slideshow_image wp-image-1428\" data-id=\"1428\" src=\"https:\/\/i0.wp.com\/www.magommels.se\/wp-content\/uploads\/2021\/06\/wp-1624809646861.jpg?resize=720%2C960&#038;ssl=1\" srcset=\"https:\/\/i0.wp.com\/www.magommels.se\/wp-content\/uploads\/2021\/06\/wp-1624809646861-scaled.jpg?resize=768%2C1024&amp;ssl=1 768w, https:\/\/i0.wp.com\/www.magommels.se\/wp-content\/uploads\/2021\/06\/wp-1624809646861-scaled.jpg?resize=225%2C300&amp;ssl=1 225w, https:\/\/i0.wp.com\/www.magommels.se\/wp-content\/uploads\/2021\/06\/wp-1624809646861-scaled.jpg?resize=1152%2C1536&amp;ssl=1 1152w, https:\/\/i0.wp.com\/www.magommels.se\/wp-content\/uploads\/2021\/06\/wp-1624809646861-scaled.jpg?resize=1536%2C2048&amp;ssl=1 1536w, https:\/\/i0.wp.com\/www.magommels.se\/wp-content\/uploads\/2021\/06\/wp-1624809646861-scaled.jpg?w=1920&amp;ssl=1 1920w, https:\/\/i0.wp.com\/www.magommels.se\/wp-content\/uploads\/2021\/06\/wp-1624809646861-scaled.jpg?w=1440&amp;ssl=1 1440w\" sizes=\"(max-width: 720px) 100vw, 720px\" \/><\/figure><\/li><li class=\"wp-block-jetpack-slideshow_slide swiper-slide\"><figure><img data-recalc-dims=\"1\" loading=\"lazy\" decoding=\"async\" width=\"720\" height=\"960\" alt=\"\" class=\"wp-block-jetpack-slideshow_image wp-image-1432\" data-id=\"1432\" src=\"https:\/\/i0.wp.com\/www.magommels.se\/wp-content\/uploads\/2021\/06\/wp-16248097957613171769440547080273.jpg?resize=720%2C960&#038;ssl=1\" srcset=\"https:\/\/i0.wp.com\/www.magommels.se\/wp-content\/uploads\/2021\/06\/wp-16248097957613171769440547080273-scaled.jpg?resize=768%2C1024&amp;ssl=1 768w, https:\/\/i0.wp.com\/www.magommels.se\/wp-content\/uploads\/2021\/06\/wp-16248097957613171769440547080273-scaled.jpg?resize=225%2C300&amp;ssl=1 225w, https:\/\/i0.wp.com\/www.magommels.se\/wp-content\/uploads\/2021\/06\/wp-16248097957613171769440547080273-scaled.jpg?resize=1152%2C1536&amp;ssl=1 1152w, https:\/\/i0.wp.com\/www.magommels.se\/wp-content\/uploads\/2021\/06\/wp-16248097957613171769440547080273-scaled.jpg?resize=1536%2C2048&amp;ssl=1 1536w, https:\/\/i0.wp.com\/www.magommels.se\/wp-content\/uploads\/2021\/06\/wp-16248097957613171769440547080273-scaled.jpg?w=1920&amp;ssl=1 1920w, https:\/\/i0.wp.com\/www.magommels.se\/wp-content\/uploads\/2021\/06\/wp-16248097957613171769440547080273-scaled.jpg?w=1440&amp;ssl=1 1440w\" sizes=\"(max-width: 720px) 100vw, 720px\" \/><\/figure><\/li><li class=\"wp-block-jetpack-slideshow_slide swiper-slide\"><figure><img data-recalc-dims=\"1\" loading=\"lazy\" decoding=\"async\" width=\"720\" height=\"960\" alt=\"\" class=\"wp-block-jetpack-slideshow_image wp-image-1433\" data-id=\"1433\" src=\"https:\/\/i0.wp.com\/www.magommels.se\/wp-content\/uploads\/2021\/06\/wp-16248100231776702022927178769736.jpg?resize=720%2C960&#038;ssl=1\" srcset=\"https:\/\/i0.wp.com\/www.magommels.se\/wp-content\/uploads\/2021\/06\/wp-16248100231776702022927178769736-scaled.jpg?resize=768%2C1024&amp;ssl=1 768w, https:\/\/i0.wp.com\/www.magommels.se\/wp-content\/uploads\/2021\/06\/wp-16248100231776702022927178769736-scaled.jpg?resize=225%2C300&amp;ssl=1 225w, https:\/\/i0.wp.com\/www.magommels.se\/wp-content\/uploads\/2021\/06\/wp-16248100231776702022927178769736-scaled.jpg?resize=1152%2C1536&amp;ssl=1 1152w, https:\/\/i0.wp.com\/www.magommels.se\/wp-content\/uploads\/2021\/06\/wp-16248100231776702022927178769736-scaled.jpg?resize=1536%2C2048&amp;ssl=1 1536w, https:\/\/i0.wp.com\/www.magommels.se\/wp-content\/uploads\/2021\/06\/wp-16248100231776702022927178769736-scaled.jpg?w=1920&amp;ssl=1 1920w, https:\/\/i0.wp.com\/www.magommels.se\/wp-content\/uploads\/2021\/06\/wp-16248100231776702022927178769736-scaled.jpg?w=1440&amp;ssl=1 1440w\" sizes=\"(max-width: 720px) 100vw, 720px\" \/><\/figure><\/li><\/ul><a class=\"wp-block-jetpack-slideshow_button-prev swiper-button-prev swiper-button-white\" role=\"button\"><\/a><a class=\"wp-block-jetpack-slideshow_button-next swiper-button-next swiper-button-white\" role=\"button\"><\/a><a aria-label=\"Pause Slideshow\" class=\"wp-block-jetpack-slideshow_button-pause\" role=\"button\"><\/a><div class=\"wp-block-jetpack-slideshow_pagination swiper-pagination swiper-pagination-white\"><\/div><\/div><\/div>\n\n\n\n<p>Till mina valpk\u00f6pare, n\u00e5gra tankar om hund<\/p>\n\n\n\n<p>Jag kommer ih\u00e5g n\u00e4r jag skulle skaffa min f\u00f6rsta hund. Min sv\u00e5ger hade en rottweilertik som var helt underbar. Jag letade ganska l\u00e4nge och fick kontakt med flera uppf\u00f6dare, som hade olika synpunkter p\u00e5 hur valpk\u00f6parna skulle vara. Dels skulle man ha haft hund tidigare och dels skulle man bo n\u00e4ra. Jag var ganska irriterad d\u00e5, men nu som uppf\u00f6dare k\u00e4nner jag mig tryggare n\u00e4r en valpk\u00f6pare redan har erfarenhet som hund\u00e4gare, det \u00e4r ju ganska mycket jobb med att ha hund. F\u00f6r mig blev det ingen rottis d\u00e5, f\u00f6r den uppf\u00f6daren ville hellre s\u00e4lja till n\u00e5gon som bodde n\u00e4ra (kom hon p\u00e5 tv\u00e5 veckor f\u00f6re leverans). Jag blev besviken och b\u00f6rjade ist\u00e4llet f\u00f6rs\u00f6ka f\u00e5 tag p\u00e5 en storpudel &#8211; men d\u00e5 fick vi ett erbjudande om en rottistik fr\u00e5n sv\u00e5gerns uppf\u00f6dare (hon var 14 m\u00e5nader och hade C-h\u00f6fter), det var en alldeles fantastisk hund, men det kunde ju inte bli n\u00e5gra valpar! N\u00e4r hon var 9 skaffade jag \u00e4ntligen en storpudel, Daisy (Frihamras Moonlight-Ubby), och sedan kunde jag till slut ocks\u00e5 f\u00e5 mina valpar och starta min kennel.&nbsp;<\/p>\n\n\n\n<p>Min bruna Daisy har f\u00e5tt tv\u00e5 kullar, men Chloe \u00e4r inte hennes dotter. N\u00e4r den f\u00f6rsta kullen f\u00f6ddes hade jag planerat att beh\u00e5lla en tik, jag ville ha tv\u00e5 hundar och rottweilern hade f\u00e5tt somna in vid 11 \u00e5rs \u00e5lder (juvertum\u00f6r). Det blev ingen tik i den kullen, s\u00e5 jag k\u00f6pte en vit storpudeltik, Chloe. Ett \u00e5r senare fick Daisy sin andra kull och d\u00e5 skulle jag beh\u00e5lla en tikvalp i alla fall. Men pl\u00f6tsligt r\u00e4ckte antalet valpar inte till, f\u00f6r valparnas pappas \u00e4gare ville ganska pl\u00f6tsligt ha en &#8221;vild valp&#8221; att t\u00e4vla med och jag hade tv\u00e5 s\u00e5dana, en till mig sj\u00e4lv och en till en \u00e4ldre dam. D\u00e5 ins\u00e5g jag att en l\u00f6sning var att l\u00e5ta Chloe flytta till den \u00e4ldre damen (som hade f\u00f6rlorat sin f\u00f6rra storpudeltik ungef\u00e4r samtidigt som valparna f\u00f6ddes, och helst inte ville ha en valp). Med facit i hand kan jag konstatera att det var ett v\u00e4ldigt bra beslut! Alla m\u00e4nniskorna blev n\u00f6jda, hundarna fick det riktigt bra och jag var helt bel\u00e5ten med tv\u00e5 hundar!<\/p>\n\n\n\n<p>Min Chloe, eller Art Attack Just a Touch Of Love, passar i sitt stamtavlenamn; Just a touch of love. Hon \u00e4r en glad och trevlig hund som b\u00e4st beskrivs med ordet rar, tycker jag. Hon \u00e4r som pudlar \u00e4r mest, alltid pigg p\u00e5 allt som h\u00e4nder,\u00a0 social och alltid med. Hon gillar att leka med Nicki och med bollar!  Dessutom \u00e4r hon en bra mor till sina valpar.<\/p>\n\n\n\n<p>Min plan var att st\u00e4lla ut Chloe, men det fungerade inte s\u00e5 bra med p\u00e4lsen, det var helt enkelt f\u00f6r mycket f\u00f6r foderv\u00e4rden och sedan kom tov\u00e5ldern, Daisys andra valpkull och covid emellan. Under h\u00f6sten 2021 st\u00e4lldes b\u00e5de Nicki och Chloe ut och b\u00e5da fick bed\u00f6mningen Excellent.<\/p>\n\n\n\n<p>Chloe \u00e4r inte s\u00e5 stor, hon v\u00e4ger ca 17-18 kg (Daisy v\u00e4ger ca 22 kg och Nicki ca 20 kg).  Chloe har inga allergier eller andra problem, hon \u00e4r helt enkelt bara en fin och trevlig hund. Det enda ovanliga med henne \u00e4r att hon helst ligger och \u00e4ter! N\u00e4r Chloe flyttade hem f\u00f6r att f\u00e5 sin f\u00f6rsta kull blev min Daisy utl\u00e5nad till Chloes matte, och det fungerade s\u00e5 bra att vi l\u00e4t hundarna stanna d\u00e4r de var!\u00a0<\/p>\n\n\n\n<p>N\u00e4r det g\u00e4ller pudelns p\u00e4ls, s\u00e5 \u00e4r den alldeles fantastisk-n\u00e4r man tar hand om den r\u00e4tt. En f\u00f6rdel \u00e4r ju att pudeln inte f\u00e4ller! En annan f\u00f6rdel \u00e4r att p\u00e4lsen \u00e4r s\u00e5 sk\u00f6n! Om man badar och fluffar (rakf\u00f6nar p\u00e4lsen) \u00e4r hunden som ett stort gosedjur! Gosedjursaspekten st\u00e4mmer \u00e4ven p\u00e5 pudelns kropp, j\u00e4mf\u00f6rt med rottweilern s\u00e5 \u00e4r pudeln mer &#8221;kattlik&#8221; p\u00e5 s\u00e5 vis att den formar sig efter sin plats (till exempel i kn\u00e4t p\u00e5 mig eller (hm) i s\u00e4ngen). Pudeln \u00e4r liksom mer f\u00f6ljsam i kroppen. Min Nicki vill g\u00e4rna sitta i kn\u00e4t!<\/p>\n\n\n\n<p>Om man h\u00e5ller pudeln i l\u00e5ng p\u00e4ls \u00e4r det en hel del jobb, men om man v\u00e4ljer kortklippt \u00e4r p\u00e4lsv\u00e5rden l\u00e4tt, och d\u00e5 har man ju f\u00f6rdelen att hunden inte f\u00e4ller- och inte drar in skr\u00e4p med p\u00e4lsen. Under sommarhalv\u00e5ret l\u00e5ter jag p\u00e4lsen vara ganska kort (om vi inte planerar att st\u00e4lla ut). Jag rakar det mesta till 19 mm, f\u00f6rutom nos och tassar som blir kortsnaggade. D\u00e5 \u00e4r det bara att duscha av hunden om det beh\u00f6vs, torka lite med handduk och s\u00e5 \u00e4r det klart.\u00a0<\/p>\n\n\n\n<p>Mitt r\u00e5d \u00e4r att om du ska prova att st\u00e4lla ut en pudel s\u00e5 \u00e4r det bra att g\u00f6ra det f\u00f6re ett \u00e5rs \u00e5lder, f\u00f6re tovperioden. Valpp\u00e4lsen \u00e4r j\u00e4ttel\u00e4ttsk\u00f6tt! Sedan h\u00e4nder n\u00e5got pl\u00f6tsligt. N\u00e4r tovperioden b\u00f6rjar \u00e4r det viktigt att bada och f\u00f6na hunden flera g\u00e5nger i veckan- f\u00f6r att inte tovor ska bildas. Om man inte vill g\u00f6ra det \u00e4r det b\u00e4st att klippa ned p\u00e4lsen rej\u00e4lt n\u00e4r tovperioden b\u00f6rjar och h\u00e5lla p\u00e4lsen kort tills den g\u00e5tt \u00f6ver (det tar ungef\u00e4r 1 \u00e5r). Det finns ju en massa pudel\u00e4gare som klarar av att h\u00e5lla p\u00e4lsen l\u00e5ng och tovfri, men jag \u00e4r visst inte en av dem! Jag brukar bada hundarna ungef\u00e4r en g\u00e5ng i m\u00e5naden och g\u00f6ra ordentlig p\u00e4lsv\u00e5rd d\u00e5. Det \u00e4r f\u00f6r s\u00e4llan f\u00f6r att h\u00e5lla hunden i utst\u00e4llningstrim, men det fungerar bra till vardags. Ju kortare p\u00e4ls, desto mindre arbete!<\/p>\n\n\n\n<p>Man beh\u00f6ver ha en ordentlig klippapparat, oavsett frisyr. Jag blev rekommenderad att antingen k\u00f6pa Oster eller Andis. Man kan ofta anv\u00e4nda samma sk\u00e4r dem (kontrollera att de \u00e4r kompatibla innan du k\u00f6per). Jag anv\u00e4nder Biltemas trimmer till nosen (och oftast \u00e4ven till tassarna). Den fungerar bra och \u00e4r prisv\u00e4rd (329 kr nu tror jag, vilket \u00e4r mindre \u00e4n vad ett trimsk\u00e4r kostar).\u00a0<\/p>\n","protected":false},"excerpt":{"rendered":"<p>Kontaktuppgifter:telefon 0734-200 600e-post: mariegommel@hotmail.comfacebook-grupp: MaGommels kennel &amp; katteri Jag har alltid gillat djur och trodde att jag skulle bli veterin\u00e4r, men blev l\u00e4rare och fyrbarnsmor. Familjen idag best\u00e5r ut\u00f6ver hundarna av 4 barn (mestadels utflugna), en f\u00e5gel (Pippin), chinchillan (Per Henning), tv\u00e5 bondkatter (Melody och mamman Saffran), burmillakatten Samana och burmakatten Cindy med dottern Belindy [&hellip;]<\/p>\n","protected":false},"author":2,"featured_media":0,"parent":0,"menu_order":0,"comment_status":"closed","ping_status":"closed","template":"","meta":{"footnotes":""},"class_list":["post-269","page","type-page","status-publish","hentry"],"jetpack_sharing_enabled":true,"_links":{"self":[{"href":"https:\/\/www.magommels.se\/index.php?rest_route=\/wp\/v2\/pages\/269","targetHints":{"allow":["GET"]}}],"collection":[{"href":"https:\/\/www.magommels.se\/index.php?rest_route=\/wp\/v2\/pages"}],"about":[{"href":"https:\/\/www.magommels.se\/index.php?rest_route=\/wp\/v2\/types\/page"}],"author":[{"embeddable":true,"href":"https:\/\/www.magommels.se\/index.php?rest_route=\/wp\/v2\/users\/2"}],"replies":[{"embeddable":true,"href":"https:\/\/www.magommels.se\/index.php?rest_route=%2Fwp%2Fv2%2Fcomments&post=269"}],"version-history":[{"count":15,"href":"https:\/\/www.magommels.se\/index.php?rest_route=\/wp\/v2\/pages\/269\/revisions"}],"predecessor-version":[{"id":1776,"href":"https:\/\/www.magommels.se\/index.php?rest_route=\/wp\/v2\/pages\/269\/revisions\/1776"}],"wp:attachment":[{"href":"https:\/\/www.magommels.se\/index.php?rest_route=%2Fwp%2Fv2%2Fmedia&parent=269"}],"curies":[{"name":"wp","href":"https:\/\/api.w.org\/{rel}","templated":true}]}}