{"id":324,"date":"2019-06-23T15:11:25","date_gmt":"2019-06-23T15:11:25","guid":{"rendered":"https:\/\/www.magommels.se\/?page_id=324"},"modified":"2019-06-24T19:37:48","modified_gmt":"2019-06-24T19:37:48","slug":"dito","status":"publish","type":"page","link":"https:\/\/www.magommels.se\/?page_id=324","title":{"rendered":"Dito"},"content":{"rendered":"\n<p>Dito, eller Frihamras Dusky Meadow Brown, SE53241\/2010 \u00e4r en v\u00e4ldigt snygg och trevlig hane. Han \u00e4r assistanshund, t\u00e4vlar och blev \u00c5rets Brukspudel 2018.<\/p>\n\n\n\n<figure class=\"wp-block-image\"><img data-recalc-dims=\"1\" loading=\"lazy\" decoding=\"async\" width=\"639\" height=\"951\" src=\"https:\/\/i0.wp.com\/www.magommels.se\/wp-content\/uploads\/2019\/06\/78701EEC-8E5B-4EB8-A39D-B09349AD7B74-e1561393318399.png?resize=639%2C951&#038;ssl=1\" alt=\"\" class=\"wp-image-169\" srcset=\"https:\/\/i0.wp.com\/www.magommels.se\/wp-content\/uploads\/2019\/06\/78701EEC-8E5B-4EB8-A39D-B09349AD7B74-e1561393318399.png?w=639&amp;ssl=1 639w, https:\/\/i0.wp.com\/www.magommels.se\/wp-content\/uploads\/2019\/06\/78701EEC-8E5B-4EB8-A39D-B09349AD7B74-e1561393318399.png?resize=202%2C300&amp;ssl=1 202w\" sizes=\"auto, (max-width: 639px) 100vw, 639px\" \/><figcaption>Dito (Frihamras Dusky Meadow Brown, pappa till valpar 2019)<\/figcaption><\/figure>\n\n\n\n<figure class=\"wp-block-image\"><img data-recalc-dims=\"1\" loading=\"lazy\" decoding=\"async\" width=\"497\" height=\"553\" src=\"https:\/\/i0.wp.com\/www.magommels.se\/wp-content\/uploads\/2019\/06\/EED508F5-0938-4467-A26C-0D8408AE192D-e1561221292874.png?resize=497%2C553&#038;ssl=1\" alt=\"\" class=\"wp-image-168\" srcset=\"https:\/\/i0.wp.com\/www.magommels.se\/wp-content\/uploads\/2019\/06\/EED508F5-0938-4467-A26C-0D8408AE192D-e1561221292874.png?w=497&amp;ssl=1 497w, https:\/\/i0.wp.com\/www.magommels.se\/wp-content\/uploads\/2019\/06\/EED508F5-0938-4467-A26C-0D8408AE192D-e1561221292874.png?resize=270%2C300&amp;ssl=1 270w\" sizes=\"auto, (max-width: 497px) 100vw, 497px\" \/><figcaption>Dito (Frihamras Dusky Meadow Brown, pappa till valpar 2019)<\/figcaption><\/figure>\n\n\n\n<figure class=\"wp-block-image\"><img data-recalc-dims=\"1\" loading=\"lazy\" decoding=\"async\" width=\"639\" height=\"826\" src=\"https:\/\/i0.wp.com\/www.magommels.se\/wp-content\/uploads\/2019\/06\/E30CB928-5F02-49BF-B8B9-2F792C76A3BE-e1561302410314.png?resize=639%2C826&#038;ssl=1\" alt=\"\" class=\"wp-image-166\" srcset=\"https:\/\/i0.wp.com\/www.magommels.se\/wp-content\/uploads\/2019\/06\/E30CB928-5F02-49BF-B8B9-2F792C76A3BE-e1561302410314.png?w=639&amp;ssl=1 639w, https:\/\/i0.wp.com\/www.magommels.se\/wp-content\/uploads\/2019\/06\/E30CB928-5F02-49BF-B8B9-2F792C76A3BE-e1561302410314.png?resize=232%2C300&amp;ssl=1 232w\" sizes=\"auto, (max-width: 639px) 100vw, 639px\" \/><\/figure>\n\n\n\n<p><\/p>\n","protected":false},"excerpt":{"rendered":"<p>Dito, eller Frihamras Dusky Meadow Brown, SE53241\/2010 \u00e4r en v\u00e4ldigt snygg och trevlig hane. Han \u00e4r assistanshund, t\u00e4vlar och blev \u00c5rets Brukspudel 2018.<\/p>\n","protected":false},"author":2,"featured_media":170,"parent":120,"menu_order":0,"comment_status":"closed","ping_status":"closed","template":"","meta":{"footnotes":""},"class_list":["post-324","page","type-page","status-publish","has-post-thumbnail","hentry"],"jetpack_sharing_enabled":true,"_links":{"self":[{"href":"https:\/\/www.magommels.se\/index.php?rest_route=\/wp\/v2\/pages\/324","targetHints":{"allow":["GET"]}}],"collection":[{"href":"https:\/\/www.magommels.se\/index.php?rest_route=\/wp\/v2\/pages"}],"about":[{"href":"https:\/\/www.magommels.se\/index.php?rest_route=\/wp\/v2\/types\/page"}],"author":[{"embeddable":true,"href":"https:\/\/www.magommels.se\/index.php?rest_route=\/wp\/v2\/users\/2"}],"replies":[{"embeddable":true,"href":"https:\/\/www.magommels.se\/index.php?rest_route=%2Fwp%2Fv2%2Fcomments&post=324"}],"version-history":[{"count":6,"href":"https:\/\/www.magommels.se\/index.php?rest_route=\/wp\/v2\/pages\/324\/revisions"}],"predecessor-version":[{"id":424,"href":"https:\/\/www.magommels.se\/index.php?rest_route=\/wp\/v2\/pages\/324\/revisions\/424"}],"up":[{"embeddable":true,"href":"https:\/\/www.magommels.se\/index.php?rest_route=\/wp\/v2\/pages\/120"}],"wp:featuredmedia":[{"embeddable":true,"href":"https:\/\/www.magommels.se\/index.php?rest_route=\/wp\/v2\/media\/170"}],"wp:attachment":[{"href":"https:\/\/www.magommels.se\/index.php?rest_route=%2Fwp%2Fv2%2Fmedia&parent=324"}],"curies":[{"name":"wp","href":"https:\/\/api.w.org\/{rel}","templated":true}]}}